{"id":59244,"date":"2020-05-09T09:24:25","date_gmt":"2020-05-09T06:24:25","guid":{"rendered":""},"modified":"2023-10-27T01:04:17","modified_gmt":"2023-10-27T01:04:17","slug":"ana-sayfa","status":"publish","type":"page","link":"https:\/\/teknomanyak.com\/tr\/","title":{"rendered":"Ana Sayfa"},"content":{"rendered":"","protected":false},"excerpt":{"rendered":"","protected":false},"author":1,"featured_media":0,"parent":0,"menu_order":0,"comment_status":"closed","ping_status":"closed","template":"","meta":{"episode_type":"","audio_file":"","cover_image":"","cover_image_id":"","duration":"","filesize":"","date_recorded":"","explicit":"","block":"","filesize_raw":"","footnotes":""},"class_list":["post-59244","page","type-page","status-publish","hentry"],"yoast_head":"<!-- This site is optimized with the Yoast SEO plugin v23.6 - https:\/\/yoast.com\/wordpress\/plugins\/seo\/ -->\n<title>TeknomanyaK - Teknoloji Sosyal Medya ve Dijital D\u00fcnya<\/title>\n<meta name=\"description\" content=\"Teknomanyak modern insan\u0131n ya\u015fam rehberi. Teknoloji, sosyal medya, spor, moda, sa\u011fl\u0131k ve otomobil gibi bir\u00e7ok konuda yaz\u0131yoruz!\" \/>\n<meta name=\"robots\" content=\"index, follow, max-snippet:-1, max-image-preview:large, max-video-preview:-1\" \/>\n<link rel=\"canonical\" href=\"https:\/\/teknomanyak.com\/tr\/\" \/>\n<meta property=\"og:locale\" content=\"tr_TR\" \/>\n<meta property=\"og:type\" content=\"article\" \/>\n<meta property=\"og:title\" content=\"TeknomanyaK\" \/>\n<meta property=\"og:description\" content=\"Teknomanyak modern insan\u0131n ya\u015fam rehberi. Teknoloji, sosyal medya, spor, moda, sa\u011fl\u0131k ve otomobil gibi bir\u00e7ok konuda yaz\u0131yoruz!\" \/>\n<meta property=\"og:url\" content=\"https:\/\/teknomanyak.com\/tr\/\" \/>\n<meta property=\"og:site_name\" content=\"TeknomanyaK\" \/>\n<meta property=\"article:publisher\" content=\"https:\/\/www.facebook.com\/teknomanyakcom\" \/>\n<meta property=\"article:modified_time\" content=\"2023-10-27T01:04:17+00:00\" \/>\n<meta property=\"og:image\" content=\"https:\/\/teknomanyak.com\/wp-content\/uploads\/2023\/03\/teknomanyak-logo-520.png\" \/>\n\t<meta property=\"og:image:width\" content=\"520\" \/>\n\t<meta property=\"og:image:height\" content=\"180\" \/>\n\t<meta property=\"og:image:type\" content=\"image\/png\" \/>\n<meta name=\"twitter:card\" content=\"summary_large_image\" \/>\n<meta name=\"twitter:title\" content=\"TeknomanyaK\" \/>\n<meta name=\"twitter:description\" content=\"Teknomanyak modern insan\u0131n ya\u015fam rehberi. Teknoloji, sosyal medya, spor, moda, sa\u011fl\u0131k ve otomobil gibi bir\u00e7ok konuda yaz\u0131yoruz!\" \/>\n<meta name=\"twitter:site\" content=\"@teknomanyak_com\" \/>\n<!-- \/ Yoast SEO plugin. -->","yoast_head_json":{"title":"TeknomanyaK - Teknoloji Sosyal Medya ve Dijital D\u00fcnya","description":"Teknomanyak modern insan\u0131n ya\u015fam rehberi. Teknoloji, sosyal medya, spor, moda, sa\u011fl\u0131k ve otomobil gibi bir\u00e7ok konuda yaz\u0131yoruz!","robots":{"index":"index","follow":"follow","max-snippet":"max-snippet:-1","max-image-preview":"max-image-preview:large","max-video-preview":"max-video-preview:-1"},"canonical":"https:\/\/teknomanyak.com\/tr\/","og_locale":"tr_TR","og_type":"article","og_title":"TeknomanyaK","og_description":"Teknomanyak modern insan\u0131n ya\u015fam rehberi. Teknoloji, sosyal medya, spor, moda, sa\u011fl\u0131k ve otomobil gibi bir\u00e7ok konuda yaz\u0131yoruz!","og_url":"https:\/\/teknomanyak.com\/tr\/","og_site_name":"TeknomanyaK","article_publisher":"https:\/\/www.facebook.com\/teknomanyakcom","article_modified_time":"2023-10-27T01:04:17+00:00","og_image":[{"width":520,"height":180,"url":"https:\/\/teknomanyak.com\/wp-content\/uploads\/2023\/03\/teknomanyak-logo-520.png","type":"image\/png"}],"twitter_card":"summary_large_image","twitter_title":"TeknomanyaK","twitter_description":"Teknomanyak modern insan\u0131n ya\u015fam rehberi. Teknoloji, sosyal medya, spor, moda, sa\u011fl\u0131k ve otomobil gibi bir\u00e7ok konuda yaz\u0131yoruz!","twitter_site":"@teknomanyak_com","schema":{"@context":"https:\/\/schema.org","@graph":[{"@type":"WebPage","@id":"https:\/\/teknomanyak.com\/tr\/","url":"https:\/\/teknomanyak.com\/tr\/","name":"TeknomanyaK - Teknoloji Sosyal Medya ve Dijital D\u00fcnya","isPartOf":{"@id":"https:\/\/teknomanyak.com\/tr\/#website"},"datePublished":"2020-05-09T06:24:25+00:00","dateModified":"2023-10-27T01:04:17+00:00","description":"Teknomanyak modern insan\u0131n ya\u015fam rehberi. Teknoloji, sosyal medya, spor, moda, sa\u011fl\u0131k ve otomobil gibi bir\u00e7ok konuda yaz\u0131yoruz!","breadcrumb":{"@id":"https:\/\/teknomanyak.com\/tr\/#breadcrumb"},"inLanguage":"tr","potentialAction":[{"@type":"ReadAction","target":["https:\/\/teknomanyak.com\/tr\/"]}]},{"@type":"BreadcrumbList","@id":"https:\/\/teknomanyak.com\/tr\/#breadcrumb","itemListElement":[{"@type":"ListItem","position":1,"name":"Anasayfa","item":"https:\/\/teknomanyak.com\/tr\/"},{"@type":"ListItem","position":2,"name":"Ana Sayfa"}]},{"@type":"WebSite","@id":"https:\/\/teknomanyak.com\/tr\/#website","url":"https:\/\/teknomanyak.com\/tr\/","name":"TeknomanyaK","description":"","publisher":{"@id":"https:\/\/teknomanyak.com\/tr\/#organization"},"potentialAction":[{"@type":"SearchAction","target":{"@type":"EntryPoint","urlTemplate":"https:\/\/teknomanyak.com\/tr\/?s={search_term_string}"},"query-input":{"@type":"PropertyValueSpecification","valueRequired":true,"valueName":"search_term_string"}}],"inLanguage":"tr"},{"@type":"Organization","@id":"https:\/\/teknomanyak.com\/tr\/#organization","name":"TeknomanyaK","url":"https:\/\/teknomanyak.com\/tr\/","logo":{"@type":"ImageObject","inLanguage":"tr","@id":"https:\/\/teknomanyak.com\/tr\/#\/schema\/logo\/image\/","url":"https:\/\/teknomanyak.com\/wp-content\/uploads\/2023\/03\/teknomanyak-logo-520.png","contentUrl":"https:\/\/teknomanyak.com\/wp-content\/uploads\/2023\/03\/teknomanyak-logo-520.png","width":520,"height":180,"caption":"TeknomanyaK"},"image":{"@id":"https:\/\/teknomanyak.com\/tr\/#\/schema\/logo\/image\/"},"sameAs":["https:\/\/www.facebook.com\/teknomanyakcom","https:\/\/x.com\/teknomanyak_com","https:\/\/tr.pinterest.com\/teknomanyakcom\/","https:\/\/www.youtube.com\/channel\/UCiC1MNayczSL-PiHrZsV_mg","https:\/\/www.instagram.com\/teknomanyakcom"]}]}},"_links":{"self":[{"href":"https:\/\/teknomanyak.com\/tr\/wp-json\/wp\/v2\/pages\/59244","targetHints":{"allow":["GET"]}}],"collection":[{"href":"https:\/\/teknomanyak.com\/tr\/wp-json\/wp\/v2\/pages"}],"about":[{"href":"https:\/\/teknomanyak.com\/tr\/wp-json\/wp\/v2\/types\/page"}],"author":[{"embeddable":true,"href":"https:\/\/teknomanyak.com\/tr\/wp-json\/wp\/v2\/users\/1"}],"replies":[{"embeddable":true,"href":"https:\/\/teknomanyak.com\/tr\/wp-json\/wp\/v2\/comments?post=59244"}],"version-history":[{"count":1,"href":"https:\/\/teknomanyak.com\/tr\/wp-json\/wp\/v2\/pages\/59244\/revisions"}],"predecessor-version":[{"id":81582,"href":"https:\/\/teknomanyak.com\/tr\/wp-json\/wp\/v2\/pages\/59244\/revisions\/81582"}],"wp:attachment":[{"href":"https:\/\/teknomanyak.com\/tr\/wp-json\/wp\/v2\/media?parent=59244"}],"curies":[{"name":"wp","href":"https:\/\/api.w.org\/{rel}","templated":true}]}}