{"id":514,"date":"2017-04-10T03:45:58","date_gmt":"2017-04-10T03:45:58","guid":{"rendered":""},"modified":"2020-04-25T20:27:33","modified_gmt":"2020-04-25T17:27:33","slug":"iletisim","status":"publish","type":"page","link":"https:\/\/teknomanyak.com\/tr\/iletisim\/","title":{"rendered":"\u0130leti\u015fim"},"content":{"rendered":"<p>A\u015fa\u011f\u0131daki formdan bize her konuda ula\u015fabilirsiniz.<\/p>\n\n<div class=\"wpcf7 no-js\" id=\"wpcf7-f512-o1\" lang=\"tr-TR\" dir=\"ltr\">\n<div class=\"screen-reader-response\"><p role=\"status\" aria-live=\"polite\" aria-atomic=\"true\"><\/p> <ul><\/ul><\/div>\n<form action=\"\/tr\/wp-json\/wp\/v2\/pages\/514#wpcf7-f512-o1\" method=\"post\" class=\"wpcf7-form init\" aria-label=\"\u0130leti\u015fim Formu\" novalidate=\"novalidate\" data-status=\"init\">\n<div style=\"display: none;\">\n<input type=\"hidden\" name=\"_wpcf7\" value=\"512\" \/>\n<input type=\"hidden\" name=\"_wpcf7_version\" value=\"5.9.8\" \/>\n<input type=\"hidden\" name=\"_wpcf7_locale\" value=\"tr_TR\" \/>\n<input type=\"hidden\" name=\"_wpcf7_unit_tag\" value=\"wpcf7-f512-o1\" \/>\n<input type=\"hidden\" name=\"_wpcf7_container_post\" value=\"0\" \/>\n<input type=\"hidden\" name=\"_wpcf7_posted_data_hash\" value=\"\" \/>\n<\/div>\n<p><label> Ad\u0131n\u0131z (gerekli)<br \/>\n<span class=\"wpcf7-form-control-wrap\" data-name=\"your-name\"><input size=\"40\" maxlength=\"400\" class=\"wpcf7-form-control wpcf7-text wpcf7-validates-as-required\" aria-required=\"true\" aria-invalid=\"false\" value=\"\" type=\"text\" name=\"your-name\" \/><\/span> <\/label>\n<\/p>\n<p><label> E-mail (gerekli)<br \/>\n<span class=\"wpcf7-form-control-wrap\" data-name=\"your-email\"><input size=\"40\" maxlength=\"400\" class=\"wpcf7-form-control wpcf7-email wpcf7-validates-as-required wpcf7-text wpcf7-validates-as-email\" aria-required=\"true\" aria-invalid=\"false\" value=\"\" type=\"email\" name=\"your-email\" \/><\/span> <\/label>\n<\/p>\n<p><label> Konu<br \/>\n<span class=\"wpcf7-form-control-wrap\" data-name=\"your-subject\"><input size=\"40\" maxlength=\"400\" class=\"wpcf7-form-control wpcf7-text\" aria-invalid=\"false\" value=\"\" type=\"text\" name=\"your-subject\" \/><\/span> <\/label>\n<\/p>\n<p><label> Mesaj\u0131n\u0131z<br \/>\n<span class=\"wpcf7-form-control-wrap\" data-name=\"your-message\"><textarea cols=\"40\" rows=\"10\" maxlength=\"2000\" class=\"wpcf7-form-control wpcf7-textarea\" aria-invalid=\"false\" name=\"your-message\"><\/textarea><\/span> <\/label>\n<\/p>\n<p><span class=\"wpcf7-form-control-wrap\" data-name=\"acceptance-890\"><span class=\"wpcf7-form-control wpcf7-acceptance\"><span class=\"wpcf7-list-item\"><input type=\"checkbox\" name=\"acceptance-890\" value=\"1\" aria-invalid=\"false\" \/><\/span><\/span><\/span> G\u00f6nder butonuna bast\u0131\u011f\u0131mda ad\u0131m\u0131n, e-posta adresimin ve yazm\u0131\u015f oldu\u011fum mesaj\u0131n site y\u00f6neticilerine e-posta ile g\u00f6nderilmesini onayl\u0131yorum. Detayl\u0131 bilgi i\u00e7in, <a href=\"https:\/\/www.teknomanyak.com\/gizlilik\" target=\"_blank\">Gizlilik Ko\u015fullar\u0131<\/a> sayfam\u0131z\u0131 okuyabilirsiniz.\n<\/p>\n<p><input class=\"wpcf7-form-control wpcf7-submit has-spinner\" type=\"submit\" value=\"G\u00f6nder\" \/>\n<\/p><p style=\"display: none !important;\" class=\"akismet-fields-container\" data-prefix=\"_wpcf7_ak_\"><label>&#916;<textarea name=\"_wpcf7_ak_hp_textarea\" cols=\"45\" rows=\"8\" maxlength=\"100\"><\/textarea><\/label><input type=\"hidden\" id=\"ak_js_1\" name=\"_wpcf7_ak_js\" value=\"146\"\/><script>document.getElementById( \"ak_js_1\" ).setAttribute( \"value\", ( new Date() ).getTime() );<\/script><\/p><div class=\"wpcf7-response-output\" aria-hidden=\"true\"><\/div>\n<\/form>\n<\/div>\n\n","protected":false},"excerpt":{"rendered":"<p>A\u015fa\u011f\u0131daki formdan bize her konuda ula\u015fabilirsiniz.<\/p>\n","protected":false},"author":1,"featured_media":0,"parent":0,"menu_order":0,"comment_status":"closed","ping_status":"closed","template":"","meta":{"episode_type":"","audio_file":"","cover_image":"","cover_image_id":"","duration":"","filesize":"","date_recorded":"","explicit":"","block":"","filesize_raw":"","footnotes":""},"class_list":["post-514","page","type-page","status-publish","hentry"],"yoast_head":"<!-- This site is optimized with the Yoast SEO plugin v23.6 - https:\/\/yoast.com\/wordpress\/plugins\/seo\/ -->\n<title>\u0130leti\u015fim - TeknomanyaK<\/title>\n<meta name=\"description\" content=\"Teknomanyak \u0130leti\u015fim Formu. Bize sayfadaki formu kullanarak diledi\u011finiz her konuda ula\u015fabilir, soru sorabilirsiniz. Bekliyoruz!\" \/>\n<meta name=\"robots\" content=\"index, follow, max-snippet:-1, max-image-preview:large, max-video-preview:-1\" \/>\n<link rel=\"canonical\" href=\"https:\/\/teknomanyak.com\/tr\/iletisim\/\" \/>\n<meta property=\"og:locale\" content=\"tr_TR\" \/>\n<meta property=\"og:type\" content=\"article\" \/>\n<meta property=\"og:title\" content=\"\u0130leti\u015fim - TeknomanyaK\" \/>\n<meta property=\"og:description\" content=\"Teknomanyak \u0130leti\u015fim Formu. Bize sayfadaki formu kullanarak diledi\u011finiz her konuda ula\u015fabilir, soru sorabilirsiniz. Bekliyoruz!\" \/>\n<meta property=\"og:url\" content=\"https:\/\/teknomanyak.com\/tr\/iletisim\/\" \/>\n<meta property=\"og:site_name\" content=\"TeknomanyaK\" \/>\n<meta property=\"article:publisher\" content=\"https:\/\/www.facebook.com\/teknomanyakcom\" \/>\n<meta property=\"article:modified_time\" content=\"2020-04-25T17:27:33+00:00\" \/>\n<meta property=\"og:image\" content=\"https:\/\/teknomanyak.com\/wp-content\/uploads\/2023\/03\/teknomanyak-logo-520.png\" \/>\n\t<meta property=\"og:image:width\" content=\"520\" \/>\n\t<meta property=\"og:image:height\" content=\"180\" \/>\n\t<meta property=\"og:image:type\" content=\"image\/png\" \/>\n<meta name=\"twitter:card\" content=\"summary_large_image\" \/>\n<meta name=\"twitter:site\" content=\"@teknomanyak_com\" \/>\n<!-- \/ Yoast SEO plugin. -->","yoast_head_json":{"title":"\u0130leti\u015fim - TeknomanyaK","description":"Teknomanyak \u0130leti\u015fim Formu. Bize sayfadaki formu kullanarak diledi\u011finiz her konuda ula\u015fabilir, soru sorabilirsiniz. Bekliyoruz!","robots":{"index":"index","follow":"follow","max-snippet":"max-snippet:-1","max-image-preview":"max-image-preview:large","max-video-preview":"max-video-preview:-1"},"canonical":"https:\/\/teknomanyak.com\/tr\/iletisim\/","og_locale":"tr_TR","og_type":"article","og_title":"\u0130leti\u015fim - TeknomanyaK","og_description":"Teknomanyak \u0130leti\u015fim Formu. Bize sayfadaki formu kullanarak diledi\u011finiz her konuda ula\u015fabilir, soru sorabilirsiniz. Bekliyoruz!","og_url":"https:\/\/teknomanyak.com\/tr\/iletisim\/","og_site_name":"TeknomanyaK","article_publisher":"https:\/\/www.facebook.com\/teknomanyakcom","article_modified_time":"2020-04-25T17:27:33+00:00","og_image":[{"width":520,"height":180,"url":"https:\/\/teknomanyak.com\/wp-content\/uploads\/2023\/03\/teknomanyak-logo-520.png","type":"image\/png"}],"twitter_card":"summary_large_image","twitter_site":"@teknomanyak_com","schema":{"@context":"https:\/\/schema.org","@graph":[{"@type":"WebPage","@id":"https:\/\/teknomanyak.com\/tr\/iletisim\/","url":"https:\/\/teknomanyak.com\/tr\/iletisim\/","name":"\u0130leti\u015fim - TeknomanyaK","isPartOf":{"@id":"https:\/\/teknomanyak.com\/tr\/#website"},"datePublished":"2017-04-10T03:45:58+00:00","dateModified":"2020-04-25T17:27:33+00:00","description":"Teknomanyak \u0130leti\u015fim Formu. Bize sayfadaki formu kullanarak diledi\u011finiz her konuda ula\u015fabilir, soru sorabilirsiniz. Bekliyoruz!","breadcrumb":{"@id":"https:\/\/teknomanyak.com\/tr\/iletisim\/#breadcrumb"},"inLanguage":"tr","potentialAction":[{"@type":"ReadAction","target":["https:\/\/teknomanyak.com\/tr\/iletisim\/"]}]},{"@type":"BreadcrumbList","@id":"https:\/\/teknomanyak.com\/tr\/iletisim\/#breadcrumb","itemListElement":[{"@type":"ListItem","position":1,"name":"Anasayfa","item":"https:\/\/teknomanyak.com\/tr\/"},{"@type":"ListItem","position":2,"name":"\u0130leti\u015fim"}]},{"@type":"WebSite","@id":"https:\/\/teknomanyak.com\/tr\/#website","url":"https:\/\/teknomanyak.com\/tr\/","name":"TeknomanyaK","description":"","publisher":{"@id":"https:\/\/teknomanyak.com\/tr\/#organization"},"potentialAction":[{"@type":"SearchAction","target":{"@type":"EntryPoint","urlTemplate":"https:\/\/teknomanyak.com\/tr\/?s={search_term_string}"},"query-input":{"@type":"PropertyValueSpecification","valueRequired":true,"valueName":"search_term_string"}}],"inLanguage":"tr"},{"@type":"Organization","@id":"https:\/\/teknomanyak.com\/tr\/#organization","name":"TeknomanyaK","url":"https:\/\/teknomanyak.com\/tr\/","logo":{"@type":"ImageObject","inLanguage":"tr","@id":"https:\/\/teknomanyak.com\/tr\/#\/schema\/logo\/image\/","url":"https:\/\/teknomanyak.com\/wp-content\/uploads\/2023\/03\/teknomanyak-logo-520.png","contentUrl":"https:\/\/teknomanyak.com\/wp-content\/uploads\/2023\/03\/teknomanyak-logo-520.png","width":520,"height":180,"caption":"TeknomanyaK"},"image":{"@id":"https:\/\/teknomanyak.com\/tr\/#\/schema\/logo\/image\/"},"sameAs":["https:\/\/www.facebook.com\/teknomanyakcom","https:\/\/x.com\/teknomanyak_com","https:\/\/tr.pinterest.com\/teknomanyakcom\/","https:\/\/www.youtube.com\/channel\/UCiC1MNayczSL-PiHrZsV_mg","https:\/\/www.instagram.com\/teknomanyakcom"]}]}},"_links":{"self":[{"href":"https:\/\/teknomanyak.com\/tr\/wp-json\/wp\/v2\/pages\/514","targetHints":{"allow":["GET"]}}],"collection":[{"href":"https:\/\/teknomanyak.com\/tr\/wp-json\/wp\/v2\/pages"}],"about":[{"href":"https:\/\/teknomanyak.com\/tr\/wp-json\/wp\/v2\/types\/page"}],"author":[{"embeddable":true,"href":"https:\/\/teknomanyak.com\/tr\/wp-json\/wp\/v2\/users\/1"}],"replies":[{"embeddable":true,"href":"https:\/\/teknomanyak.com\/tr\/wp-json\/wp\/v2\/comments?post=514"}],"version-history":[{"count":0,"href":"https:\/\/teknomanyak.com\/tr\/wp-json\/wp\/v2\/pages\/514\/revisions"}],"wp:attachment":[{"href":"https:\/\/teknomanyak.com\/tr\/wp-json\/wp\/v2\/media?parent=514"}],"curies":[{"name":"wp","href":"https:\/\/api.w.org\/{rel}","templated":true}]}}