{"id":2211,"date":"2018-07-29T23:52:19","date_gmt":"2018-07-29T20:52:19","guid":{"rendered":""},"modified":"2023-10-27T00:45:50","modified_gmt":"2023-10-27T00:45:50","slug":"gizlilik","status":"publish","type":"page","link":"https:\/\/teknomanyak.com\/tr\/gizlilik\/","title":{"rendered":"Gizlilik Politikas\u0131"},"content":{"rendered":"\n<ul class=\"wp-block-list\">\n<li>Teknomanyak.com web sitesinde yap\u0131lan t\u00fcm yorumlarda kullan\u0131c\u0131lar taraf\u0131ndan siteye g\u00f6nderilen e-posta adresleri ve kullan\u0131c\u0131lar\u0131n IP adresleri asla \u00fc\u00e7\u00fcnc\u00fc \u015fah\u0131s kurum ve ki\u015filerle payla\u015f\u0131lmaz. Site ziyaret\u00e7ileri bu bilgileri g\u00f6remez.<\/li>\n\n\n\n<li>Yorumlar y\u00f6netici onay\u0131ndan sonra sitede yay\u0131nlan\u0131r.<\/li>\n\n\n\n<li>Yasa d\u0131\u015f\u0131 konular\u0131n ge\u00e7ti\u011fi yorumlar, k\u00fcf\u00fcr, hakaret i\u00e7eren yorumlar sitede yay\u0131nlanmaz.<\/li>\n\n\n\n<li>Sitedeki ileti\u015fim formu kullan\u0131larak, site y\u00f6neticilerine mesaj g\u00f6ndermek istendi\u011finde, mesaj g\u00f6nderen ki\u015finin ad\u0131, e-posta adresi ve yazd\u0131\u011f\u0131 mesaj site y\u00f6neticilerine e-posta ile g\u00f6nderilir. Bu bilgiler herhangi bir listede saklanmaz, \u00fc\u00e7\u00fcnc\u00fc \u015fah\u0131slarla payla\u015f\u0131lmaz. Pazarlama amac\u0131yla sitedeki ileti\u015fim formunu kullanan ki\u015filere e-posta mesaj\u0131 kesinlikle g\u00f6nderilmez.<\/li>\n\n\n\n<li>Yeni yaz\u0131lar\u0131 okuyucularla payla\u015fmak i\u00e7in g\u00f6nderilen e-b\u00fclten servisi sadece e-posta listesine kay\u0131t olan kullan\u0131c\u0131lara g\u00f6nderilir.<\/li>\n\n\n\n<li>E-b\u00fclten listesinden e-posta mesaj\u0131ndaki &#8220;listeden ayr\u0131l&#8221; linkiyle kolayca \u00e7\u0131k\u0131\u015f yap\u0131labilir.<\/li>\n\n\n\n<li>Okuyucu bilgileri, ancak resmi makamlarca usul\u00fc dairesinde bu bilgilerin talep edilmesi halinde ve y\u00fcr\u00fcrl\u00fckteki emredici mevzuat h\u00fck\u00fcmleri gere\u011fince resmi makamlara a\u00e7\u0131klama yapmak zorunda oldu\u011fu durumlarda resmi makamlara a\u00e7\u0131klanabilir.<\/li>\n\n\n\n<li>Siteye ziyaret eden her kullan\u0131c\u0131 bu \u015fartlar\u0131 kabul etmi\u015f say\u0131l\u0131r.<\/li>\n<\/ul>\n\n\n\n<h1 class=\"wp-block-heading\"><strong>Google Reklam \u00c7erezleri<\/strong><\/h1>\n\n\n\n<p>Google, i\u015f ortaklar\u0131n\u0131n web sitelerinde (Google reklamlar\u0131 yay\u0131nlayan veya Google sertifikal\u0131 reklam a\u011flar\u0131na kat\u0131lan web siteleri gibi) reklam yay\u0131nlanmak i\u00e7in \u00e7erez kullan\u0131r. Kullan\u0131c\u0131lar bir Google i\u015f orta\u011f\u0131n\u0131n web sitesini ziyaret etti\u011finde son kullan\u0131c\u0131n\u0131n taray\u0131c\u0131s\u0131na bir \u00e7erez b\u0131rak\u0131labilir.<\/p>\n\n\n\n<h2 class=\"wp-block-heading\"><strong>Gizlilik Politikas\u0131<\/strong><\/h2>\n\n\n\n<ul class=\"wp-block-list\">\n<li>Google dahil \u00fc\u00e7\u00fcnc\u00fc taraf tedarik\u00e7iler, kullan\u0131c\u0131lar\u0131n web sitemize veya di\u011fer web sitelerine yapt\u0131\u011f\u0131 \u00f6nceki ziyaretleri temel alan reklamlar yay\u0131nlamak i\u00e7in \u00e7erez kullanmaktad\u0131r.<\/li>\n\n\n\n<li>Google&#8217;\u0131n reklam \u00e7erezlerini kullanmas\u0131, Google ve i\u015f ortaklar\u0131n\u0131n kullan\u0131c\u0131lara siteniz ve\/veya internetteki di\u011fer sitelere yapt\u0131klar\u0131 ziyaretleri temel alan reklamlar sunmas\u0131na olanak tan\u0131r.<\/li>\n\n\n\n<li>Kullan\u0131c\u0131lar&nbsp;<a rel=\"noreferrer noopener\" href=\"https:\/\/www.google.com\/settings\/ads\" target=\"_blank\">Reklam Ayarlar\u0131<\/a>&nbsp;sayfas\u0131n\u0131 ziyaret ederek ki\u015fiselle\u015ftirilmi\u015f reklamc\u0131l\u0131\u011f\u0131 devre d\u0131\u015f\u0131 b\u0131rakabilir. (\u00c7erezleri devre d\u0131\u015f\u0131 b\u0131rakmak istiyorsan\u0131z&nbsp;<a rel=\"noreferrer noopener\" href=\"http:\/\/www.aboutads.info\/choices\/\" target=\"_blank\">www.aboutads.info<\/a>&nbsp;adresine gidebilirsiniz.)<\/li>\n<\/ul>\n\n\n\n<h2 class=\"wp-block-heading\"><strong>\u00c7erez (Cookie) Kullan\u0131m Ko\u015fullar\u0131<\/strong><\/h2>\n\n\n\n<p><strong>Teknomanyak.com web sitesine<\/strong>&nbsp;(Site) ait t\u00fcm ana ve alt siteleri ziyaretiniz boyunca ge\u00e7irdi\u011finiz s\u00fcreyi en g\u00fcvenli ve rahat \u015fekilde tamamlaman\u0131z amac\u0131yla, ki\u015fisel bilgilerinizi toplarken ve kullan\u0131rken <strong>Teknomanyak.com<\/strong> taraf\u0131ndan izlenen prosed\u00fcr ve prensipler a\u015fa\u011f\u0131da s\u0131ralanm\u0131\u015ft\u0131r:<\/p>\n\n\n\n<p><strong>\u00c7erez (Cookie) Politikas\u0131<\/strong><\/p>\n\n\n\n<p>Bir\u00e7ok web sitesi gibi bu Site de (\u201cSite\u201d ifadesi i\u015f bu internet sitesi ve i\u015f ortaklar\u0131n\u0131n sitelerini kapsar \u015fekilde kullan\u0131lmaktad\u0131r), \u00e7e\u015fitli ama\u00e7larla \u00e7erez (cookie) kullanmaktad\u0131r. \u00c7erez ad\u0131 verilen teknik ileti\u015fim dosyalar\u0131, bir internet sitesinin kullan\u0131c\u0131n\u0131n bilgisayar\u0131 veya cep telefonu taray\u0131c\u0131s\u0131na (browser) g\u00f6nderdi\u011fi k\u00fc\u00e7\u00fck metin dosyalar\u0131d\u0131r.<\/p>\n\n\n\n<p><strong>\u00c7erezler Ne Ama\u00e7la ve Nas\u0131l Kullan\u0131lmaktad\u0131r?<\/strong><\/p>\n\n\n\n<p>Bu Site\u2019de ve i\u015f ortaklar\u0131n\u0131n sitelerinde, kullan\u0131c\u0131lara ilgi alanlar\u0131na ve ihtiya\u00e7lar\u0131na uygun, ki\u015fiye \u00f6zel i\u00e7erik ve reklam sunulmas\u0131 ama\u00e7lanmaktad\u0131r. Bunun amac\u0131, kullan\u0131c\u0131n\u0131n ilgisini \u00e7ekmeyecek, gereksiz reklam g\u00f6sterimine engel olarak Site deneyimini daha kaliteli hale getirmektir. \u00c7erezler, sizi tan\u0131mam\u0131za yard\u0131mc\u0131 olur, bu da ilginizi \u00e7ekece\u011fini d\u00fc\u015f\u00fcnd\u00fc\u011f\u00fcm\u00fcz i\u00e7erik ve reklamlar ile Site\u2019yi sizin i\u00e7in daha kullan\u0131\u015fl\u0131 ve yararl\u0131 hale getirmemizi sa\u011flar.<\/p>\n\n\n\n<p>1. \u00c7erezler; Site\u2019ye girdi\u011finizde ilginizi \u00e7ekebilecek reklamlar g\u00f6sterilmesini sa\u011flamak ve Site\u2019de bir reklam g\u00f6rd\u00fckten sonra bu reklamla ilgilenip ilgilenmedi\u011finizi, ilgili \u00fcr\u00fcn veya hizmetin sitesini ziyaret edip etmedi\u011finizi belirlemek amac\u0131yla kullan\u0131labilir.<\/p>\n\n\n\n<p>2. Site\u2019yi ziyaret eden kullan\u0131c\u0131 say\u0131s\u0131, kullan\u0131c\u0131 tipi, ziyaret s\u0131kl\u0131\u011f\u0131, kullan\u0131c\u0131 davran\u0131\u015flar\u0131 ve al\u0131\u015fkanl\u0131klar\u0131, kullan\u0131c\u0131lar\u0131n hangi \u00fclkelerden siteyi ziyaret ettikleri vb. istatistiklerin olu\u015fturulmas\u0131 amac\u0131yla \u00e7erez kullan\u0131labilecektir.<\/p>\n\n\n\n<p>3. Site \u00fczerinde, kullan\u0131c\u0131 tercihlerini daha do\u011fru \u015fekilde belirlemek amac\u0131yla 3. ki\u015filer taraf\u0131ndan yerle\u015ftirilmi\u015f \u00e7erezler (\u00f6rne\u011fin Site \u00fczerinde bu ki\u015filere ait reklamlara eri\u015filmesi halinde kullan\u0131lan \u00e7erezler) de kullan\u0131labilir. Bu \u00e7erezler vas\u0131tas\u0131yla toplanan veriler, ziyaret edilen di\u011fer siteler \u00fczerinde kullan\u0131c\u0131lara y\u00f6nelik reklam veya i\u00e7erik yerle\u015ftirilmesi amac\u0131yla da kullan\u0131labilecektir.<\/p>\n\n\n\n<p>4. Yukar\u0131da a\u00e7\u0131klanan ama\u00e7larla \u00e7erez kullan\u0131m\u0131 bu Site\u2019de ve Site taraf\u0131ndan i\u015f ortaklar\u0131na ait sitelerde ger\u00e7ekle\u015ftirilebilmektedir. B\u00f6yle bir durumda dahi ama\u00e7, kullan\u0131c\u0131n\u0131n bu sayede belirlenen ilgi alanlar\u0131na \u00f6zel i\u00e7erik ve reklam sunabilmektir.<\/p>\n\n\n\n<p>5. Site veya i\u015f ortaklar\u0131 taraf\u0131ndan bu Site\u2019de veya di\u011fer sitelerde kullan\u0131lan \u00e7erezler arac\u0131l\u0131\u011f\u0131yla, bu siteler d\u0131\u015f\u0131nda kullan\u0131c\u0131 taraf\u0131ndan ziyaret edilen sitelere ili\u015fkin bilgiler de i\u015flenebilmektedir.<\/p>\n\n\n\n<p><strong>\u00c7erezler Vas\u0131tas\u0131yla Hangi Bilgiler Al\u0131nmakta ve \u0130\u015flenmektedir?<\/strong><\/p>\n\n\n\n<p>Site\u2019ye hangi siteden gelindi\u011fi ve Site\u2019den sonra hangi sitenin ziyaret edildi\u011fi, kullan\u0131c\u0131lar\u0131n co\u011frafi konumlar\u0131, sitede yer alan reklam banner\u2019lar\u0131na tepkileri, kullan\u0131c\u0131n\u0131n Site\u2019ye ve i\u015f ortaklar\u0131n\u0131n sitelerine kendi iste\u011fiyle vermi\u015f oldu\u011fu ki\u015fisel bilgiler, site \u00fczerinde ger\u00e7ekle\u015ftirilen tercihler, sosyal payla\u015f\u0131m sitelerinde Site ve i\u015f ortaklar\u0131m\u0131z\u0131n sayfalar\u0131 ile ilgili hareketler al\u0131nabilecek ve i\u015flenebilecektir. Site\u2019ye ve i\u015f ortaklar\u0131n\u0131n sitelerine vermi\u015f oldu\u011funuz \u00fcyelik bilgileriniz, burada belirlenen ama\u00e7larla Site veya i\u015f ortaklar\u0131 taraf\u0131ndan al\u0131nabilir ve i\u015flenebilir. Sosyal payla\u015f\u0131m sitelerinden belirli aplikasyonlar (uygulamalar) arac\u0131l\u0131\u011f\u0131yla veri al\u0131n\u0131p i\u015flendi\u011finden, hangi verilerinizin i\u015flenece\u011finden aplikasyon i\u00e7in verdi\u011finiz onay kapsam\u0131nda haberdar olabilirsiniz. \u0130lgili aplikasyona onay vermeyerek, yine sizin belirledi\u011finiz kapsamdaki ki\u015fisel verilerinizin i\u015flenmesine engel olman\u0131z m\u00fcmk\u00fcnd\u00fcr.<\/p>\n\n\n\n<p><strong>\u00c7erez Kullan\u0131m\u0131n\u0131n Engellenmesi:<\/strong><\/p>\n\n\n\n<p>Taray\u0131c\u0131n\u0131z arac\u0131l\u0131\u011f\u0131yla \u00e7erezleri engellemeniz m\u00fcmk\u00fcnd\u00fcr, ancak bunlar\u0131 engellemeniz durumunda Site\u2019deki baz\u0131 \u00f6zellikleri kullanamayabilirsiniz. Taray\u0131c\u0131n\u0131z\u0131n \u00e7erezleri y\u00f6netmenize olanak sa\u011flay\u0131p sa\u011flamad\u0131\u011f\u0131n\u0131 \u00f6\u011frenmek i\u00e7in taray\u0131c\u0131 ayarlar\u0131n\u0131za bakman\u0131z tavsiye edilir.<\/p>\n\n\n\n<p><strong>\u00c7erezler Yard\u0131m\u0131yla Toplanan Verilerin 3. Ki\u015filerle Payla\u015f\u0131m\u0131:<\/strong><\/p>\n\n\n\n<p>\u00c7erezler yard\u0131m\u0131yla toplanan ve yukar\u0131da detayl\u0131 olarak anlat\u0131lan davran\u0131\u015fsal ve ki\u015fisel veriler, i\u015fbu politikada belirlenen ama\u00e7larla i\u015f ortaklar\u0131 ve 3. ki\u015filerle payla\u015f\u0131labilecektir.<\/p>\n\n\n\n<p>Site \u00fczerinde, 3. ki\u015filer taraf\u0131ndan y\u00f6netilen site ve i\u00e7eriklere ba\u011flant\u0131lar verilebilir veya eri\u015fim olana\u011f\u0131 sa\u011flanabilir. 3. Ki\u015fi i\u00e7eri\u011fi \u00fczerinde Site\u2019nin herhangi bir kontrol veya m\u00fcdahale yetkisi bulunmamaktad\u0131r.<\/p>\n\n\n\n<p>Sitede 3. Ki\u015filere ait platformlara y\u00f6nelik \u201cplugin\u201dler kullan\u0131labilir. Kullan\u0131c\u0131lar\u0131n Siteyi ziyaretlerinde toplanan bilgiler, bahsedilen 3. Ki\u015fi platformlar taraf\u0131ndan kullan\u0131labilir. Kullan\u0131c\u0131lar\u0131n, Siteyi, bu platformlardaki hesaplar\u0131na ba\u011fl\u0131yken ziyaret etmeleri halinde, Site ve 3. Ki\u015filer taraf\u0131ndan toplanan bilgiler ili\u015fkilendirilebilir.<\/p>\n\n\n\n<p>Burada bahsi ge\u00e7en ama\u00e7larla toplanan kullan\u0131c\u0131 verileri, Site\u2019ye veya i\u015f ortaklar\u0131na ait olan ve kullan\u0131c\u0131n\u0131n da \u00fcyesi bulundu\u011fu \u00e7e\u015fitli m\u00fc\u015fteri memnuniyeti odakl\u0131 pazarlama programlar\u0131nda yer alan veriler ile birle\u015ftirilebilir. Bunun amac\u0131, kullan\u0131c\u0131 ihtiyac\u0131n\u0131 daha yak\u0131ndan tan\u0131yarak hem bu uygulama kapsam\u0131nda hem de \u00fcyesi oldu\u011funuz di\u011fer pazarlama programlar\u0131 kapsam\u0131nda kullan\u0131c\u0131lara ki\u015fiye \u00f6zel hizmet sunabilmektir. Birle\u015ftirilen veriler burada ve ilgili pazarlama program\u0131n\u0131n \u00fcyelik s\u00f6zle\u015fmesinde yer alan ama\u00e7 ve y\u00f6ntemlerle i\u015flenebilir.<\/p>\n\n\n\n<p>\u0130\u015fbu politika kapsam\u0131nda Site veya 3. Ki\u015filer taraf\u0131ndan i\u015flenen ki\u015fisel veriler, Site veya 3. Ki\u015filer taraf\u0131ndan bu verilerin i\u015flenmesi amac\u0131yla hizmet al\u0131nan 3. Ki\u015filerle, bu hizmetlerin al\u0131nmas\u0131 amac\u0131yla s\u0131n\u0131rl\u0131 olmak \u00fczere payla\u015f\u0131labilir. Hizmet al\u0131nan 3. Ki\u015filer, bu verileri yurti\u00e7inde veya yurtd\u0131\u015f\u0131nda tutabilir ve yurti\u00e7i ya da yurtd\u0131\u015f\u0131nda tutulan veriler aras\u0131nda aktar\u0131m ger\u00e7ekle\u015ftirebilir.<\/p>\n\n\n\n<p><strong>Yasal D\u00fczenlemelere Uygunluk<\/strong><\/p>\n\n\n\n<p>Site ve i\u015f ortaklar\u0131, yasalara uygun olmayan ve burada belirtilenin d\u0131\u015f\u0131nda hi\u00e7bir ama\u00e7la hareket etmez. Uygulama yasal geli\u015fmeler kar\u015f\u0131s\u0131nda revize edilir ve yasa ile belirlenen \u015fekil ve kapsamda tutulur.<\/p>\n\n\n\n<p><strong>Ki\u015fisel Verileri \u0130\u015flenen Ki\u015filerin Haklar\u0131<\/strong><\/p>\n\n\n\n<p>\u0130\u015fbu politika kapsam\u0131nda ki\u015fisel verileri i\u015flenen ki\u015filerin, kendileriyle ilgili ki\u015fisel veri i\u015flenip i\u015flenmedi\u011fini, verileri i\u015flenmi\u015fse buna ili\u015fkin bilgileri, verilerin i\u015flenme amac\u0131n\u0131 ve bunlar\u0131n amac\u0131na uygun kullan\u0131l\u0131p kullan\u0131lmad\u0131\u011f\u0131n\u0131, yurt i\u00e7inde veya yurt d\u0131\u015f\u0131nda verilerin aktar\u0131ld\u0131\u011f\u0131 \u00fc\u00e7\u00fcnc\u00fc ki\u015filerin kimler oldu\u011funu, verilerin eksik veya yanl\u0131\u015f olmas\u0131 h\u00e2linde bunlar\u0131n d\u00fczeltilmesini, ilgili mevzuatta \u00f6ng\u00f6r\u00fclen ko\u015fullar \u00e7er\u00e7evesinde ki\u015fisel verilerin silinmesini veya yok edilmesini, d\u00fczeltme\/silme\/yok etme i\u015flemlerinin imk\u00e2ns\u0131z olmamak veya orant\u0131s\u0131z \u00e7aba gerektirmemek kayd\u0131yla, verilerin aktar\u0131ld\u0131\u011f\u0131 \u00fc\u00e7\u00fcnc\u00fc ki\u015filere bildirilmesini isteme; i\u015flenen verilerin m\u00fcnhas\u0131ran otomatik sistemler vas\u0131tas\u0131yla analiz edilmesi suretiyle ki\u015finin kendisi aleyhine bir sonucun ortaya \u00e7\u0131kmas\u0131na itiraz etme ve verilerinin ilgili mevzuata ayk\u0131r\u0131 olarak i\u015flenmesi sebebiyle zarara u\u011framas\u0131 halinde zarar\u0131n giderilmesini talep etme hakk\u0131 bulunmaktad\u0131r.<\/p>\n\n\n\n<p>Kullan\u0131c\u0131n\u0131n bu Site\u2019yi ziyaret etmesi, \u00e7erez kullan\u0131m\u0131na ve ki\u015fisel verilerinin i\u015fbu politika kapsam\u0131nda i\u015flenmesine onay verdi\u011fi anlam\u0131na gelmektedir.<\/p>\n","protected":false},"excerpt":{"rendered":"<p>Teknomanyak.com web sitesinde yap\u0131lan t\u00fcm yorumlarda kullan\u0131c\u0131lar taraf\u0131ndan siteye g\u00f6nderilen e-posta adresleri ve kullan\u0131c\u0131lar\u0131n IP adresleri asla \u00fc\u00e7\u00fcnc\u00fc \u015fah\u0131s kurum ve ki\u015filerle payla\u015f\u0131lmaz. Site ziyaret\u00e7ileri bu bilgileri g\u00f6remez. Yorumlar y\u00f6netici onay\u0131ndan sonra sitede yay\u0131nlan\u0131r. Yasa d\u0131\u015f\u0131 konular\u0131n ge\u00e7ti\u011fi yorumlar, k\u00fcf\u00fcr, hakaret i\u00e7eren yorumlar sitede yay\u0131nlanmaz. Sitedeki ileti\u015fim formu kullan\u0131larak, site y\u00f6neticilerine mesaj g\u00f6ndermek istendi\u011finde, mesaj &hellip;<\/p>\n","protected":false},"author":1,"featured_media":0,"parent":0,"menu_order":0,"comment_status":"closed","ping_status":"closed","template":"","meta":{"episode_type":"","audio_file":"","cover_image":"","cover_image_id":"","duration":"","filesize":"","date_recorded":"","explicit":"","block":"","filesize_raw":"","footnotes":""},"class_list":["post-2211","page","type-page","status-publish","hentry"],"yoast_head":"<!-- This site is optimized with the Yoast SEO plugin v23.6 - https:\/\/yoast.com\/wordpress\/plugins\/seo\/ -->\n<title>Gizlilik Politikas\u0131 - TeknomanyaK<\/title>\n<meta name=\"description\" content=\"Teknomanyak.com web sitesinde yap\u0131lan t\u00fcm yorumlarda kullan\u0131c\u0131lar taraf\u0131ndan siteye g\u00f6nderilen e-posta adresleri asla payla\u015f\u0131lmaz.\" \/>\n<meta name=\"robots\" content=\"index, follow, max-snippet:-1, max-image-preview:large, max-video-preview:-1\" \/>\n<link rel=\"canonical\" href=\"https:\/\/teknomanyak.com\/tr\/gizlilik\/\" \/>\n<meta property=\"og:locale\" content=\"tr_TR\" \/>\n<meta property=\"og:type\" content=\"article\" \/>\n<meta property=\"og:title\" content=\"Gizlilik Politikas\u0131 - TeknomanyaK\" \/>\n<meta property=\"og:description\" content=\"Teknomanyak.com web sitesinde yap\u0131lan t\u00fcm yorumlarda kullan\u0131c\u0131lar taraf\u0131ndan siteye g\u00f6nderilen e-posta adresleri asla payla\u015f\u0131lmaz.\" \/>\n<meta property=\"og:url\" content=\"https:\/\/teknomanyak.com\/tr\/gizlilik\/\" \/>\n<meta property=\"og:site_name\" content=\"TeknomanyaK\" \/>\n<meta property=\"article:publisher\" content=\"https:\/\/www.facebook.com\/teknomanyakcom\" \/>\n<meta property=\"article:modified_time\" content=\"2023-10-27T00:45:50+00:00\" \/>\n<meta property=\"og:image\" content=\"https:\/\/teknomanyak.com\/wp-content\/uploads\/2023\/03\/teknomanyak-logo-520.png\" \/>\n\t<meta property=\"og:image:width\" content=\"520\" \/>\n\t<meta property=\"og:image:height\" content=\"180\" \/>\n\t<meta property=\"og:image:type\" content=\"image\/png\" \/>\n<meta name=\"twitter:card\" content=\"summary_large_image\" \/>\n<meta name=\"twitter:site\" content=\"@teknomanyak_com\" \/>\n<meta name=\"twitter:label1\" content=\"Tahmini okuma s\u00fcresi\" \/>\n\t<meta name=\"twitter:data1\" content=\"7 dakika\" \/>\n<!-- \/ Yoast SEO plugin. -->","yoast_head_json":{"title":"Gizlilik Politikas\u0131 - TeknomanyaK","description":"Teknomanyak.com web sitesinde yap\u0131lan t\u00fcm yorumlarda kullan\u0131c\u0131lar taraf\u0131ndan siteye g\u00f6nderilen e-posta adresleri asla payla\u015f\u0131lmaz.","robots":{"index":"index","follow":"follow","max-snippet":"max-snippet:-1","max-image-preview":"max-image-preview:large","max-video-preview":"max-video-preview:-1"},"canonical":"https:\/\/teknomanyak.com\/tr\/gizlilik\/","og_locale":"tr_TR","og_type":"article","og_title":"Gizlilik Politikas\u0131 - TeknomanyaK","og_description":"Teknomanyak.com web sitesinde yap\u0131lan t\u00fcm yorumlarda kullan\u0131c\u0131lar taraf\u0131ndan siteye g\u00f6nderilen e-posta adresleri asla payla\u015f\u0131lmaz.","og_url":"https:\/\/teknomanyak.com\/tr\/gizlilik\/","og_site_name":"TeknomanyaK","article_publisher":"https:\/\/www.facebook.com\/teknomanyakcom","article_modified_time":"2023-10-27T00:45:50+00:00","og_image":[{"width":520,"height":180,"url":"https:\/\/teknomanyak.com\/wp-content\/uploads\/2023\/03\/teknomanyak-logo-520.png","type":"image\/png"}],"twitter_card":"summary_large_image","twitter_site":"@teknomanyak_com","twitter_misc":{"Tahmini okuma s\u00fcresi":"7 dakika"},"schema":{"@context":"https:\/\/schema.org","@graph":[{"@type":"WebPage","@id":"https:\/\/teknomanyak.com\/tr\/gizlilik\/","url":"https:\/\/teknomanyak.com\/tr\/gizlilik\/","name":"Gizlilik Politikas\u0131 - TeknomanyaK","isPartOf":{"@id":"https:\/\/teknomanyak.com\/tr\/#website"},"datePublished":"2018-07-29T20:52:19+00:00","dateModified":"2023-10-27T00:45:50+00:00","description":"Teknomanyak.com web sitesinde yap\u0131lan t\u00fcm yorumlarda kullan\u0131c\u0131lar taraf\u0131ndan siteye g\u00f6nderilen e-posta adresleri asla payla\u015f\u0131lmaz.","breadcrumb":{"@id":"https:\/\/teknomanyak.com\/tr\/gizlilik\/#breadcrumb"},"inLanguage":"tr","potentialAction":[{"@type":"ReadAction","target":["https:\/\/teknomanyak.com\/tr\/gizlilik\/"]}]},{"@type":"BreadcrumbList","@id":"https:\/\/teknomanyak.com\/tr\/gizlilik\/#breadcrumb","itemListElement":[{"@type":"ListItem","position":1,"name":"Anasayfa","item":"https:\/\/teknomanyak.com\/tr\/"},{"@type":"ListItem","position":2,"name":"Gizlilik Politikas\u0131"}]},{"@type":"WebSite","@id":"https:\/\/teknomanyak.com\/tr\/#website","url":"https:\/\/teknomanyak.com\/tr\/","name":"TeknomanyaK","description":"","publisher":{"@id":"https:\/\/teknomanyak.com\/tr\/#organization"},"potentialAction":[{"@type":"SearchAction","target":{"@type":"EntryPoint","urlTemplate":"https:\/\/teknomanyak.com\/tr\/?s={search_term_string}"},"query-input":{"@type":"PropertyValueSpecification","valueRequired":true,"valueName":"search_term_string"}}],"inLanguage":"tr"},{"@type":"Organization","@id":"https:\/\/teknomanyak.com\/tr\/#organization","name":"TeknomanyaK","url":"https:\/\/teknomanyak.com\/tr\/","logo":{"@type":"ImageObject","inLanguage":"tr","@id":"https:\/\/teknomanyak.com\/tr\/#\/schema\/logo\/image\/","url":"https:\/\/teknomanyak.com\/wp-content\/uploads\/2023\/03\/teknomanyak-logo-520.png","contentUrl":"https:\/\/teknomanyak.com\/wp-content\/uploads\/2023\/03\/teknomanyak-logo-520.png","width":520,"height":180,"caption":"TeknomanyaK"},"image":{"@id":"https:\/\/teknomanyak.com\/tr\/#\/schema\/logo\/image\/"},"sameAs":["https:\/\/www.facebook.com\/teknomanyakcom","https:\/\/x.com\/teknomanyak_com","https:\/\/tr.pinterest.com\/teknomanyakcom\/","https:\/\/www.youtube.com\/channel\/UCiC1MNayczSL-PiHrZsV_mg","https:\/\/www.instagram.com\/teknomanyakcom"]}]}},"_links":{"self":[{"href":"https:\/\/teknomanyak.com\/tr\/wp-json\/wp\/v2\/pages\/2211","targetHints":{"allow":["GET"]}}],"collection":[{"href":"https:\/\/teknomanyak.com\/tr\/wp-json\/wp\/v2\/pages"}],"about":[{"href":"https:\/\/teknomanyak.com\/tr\/wp-json\/wp\/v2\/types\/page"}],"author":[{"embeddable":true,"href":"https:\/\/teknomanyak.com\/tr\/wp-json\/wp\/v2\/users\/1"}],"replies":[{"embeddable":true,"href":"https:\/\/teknomanyak.com\/tr\/wp-json\/wp\/v2\/comments?post=2211"}],"version-history":[{"count":1,"href":"https:\/\/teknomanyak.com\/tr\/wp-json\/wp\/v2\/pages\/2211\/revisions"}],"predecessor-version":[{"id":81596,"href":"https:\/\/teknomanyak.com\/tr\/wp-json\/wp\/v2\/pages\/2211\/revisions\/81596"}],"wp:attachment":[{"href":"https:\/\/teknomanyak.com\/tr\/wp-json\/wp\/v2\/media?parent=2211"}],"curies":[{"name":"wp","href":"https:\/\/api.w.org\/{rel}","templated":true}]}}