{"id":2,"date":"2011-03-08T01:54:22","date_gmt":"2011-03-08T07:54:22","guid":{"rendered":""},"modified":"2022-05-25T21:23:37","modified_gmt":"2022-05-25T21:23:37","slug":"hakkimizda","status":"publish","type":"page","link":"https:\/\/teknomanyak.com\/tr\/hakkimizda\/","title":{"rendered":"Hakk\u0131m\u0131zda"},"content":{"rendered":"<p>Teknomanyak <strong>Cemal Alp Solak<\/strong> taraf\u0131ndan y\u00f6netilen bir teknoloji ve genel k\u00fclt\u00fcr internet sitesidir.<\/p>\n<p>\u0130\u00e7erikler bazen T\u00fcrk\u00e7e, bazen \u0130ngilizce bazen her iki dilde olabilir.<\/p>\n<p>Keyifli okumalar.<\/p>\n","protected":false},"excerpt":{"rendered":"<p>Teknomanyak Cemal Alp Solak taraf\u0131ndan y\u00f6netilen bir teknoloji ve genel k\u00fclt\u00fcr internet sitesidir. \u0130\u00e7erikler bazen T\u00fcrk\u00e7e, bazen \u0130ngilizce bazen her iki dilde olabilir. Keyifli okumalar.<\/p>\n","protected":false},"author":1,"featured_media":0,"parent":0,"menu_order":0,"comment_status":"closed","ping_status":"open","template":"","meta":{"episode_type":"","audio_file":"","cover_image":"","cover_image_id":"","duration":"","filesize":"","date_recorded":"","explicit":"","block":"","filesize_raw":"","footnotes":""},"class_list":["post-2","page","type-page","status-publish","hentry"],"yoast_head":"<!-- This site is optimized with the Yoast SEO plugin v23.6 - https:\/\/yoast.com\/wordpress\/plugins\/seo\/ -->\n<title>Hakk\u0131m\u0131zda - TeknomanyaK<\/title>\n<meta name=\"description\" content=\"Teknomanyak, Cemal Alp Solak taraf\u0131ndan y\u00f6netilen, erkeklerin d\u00fcnyas\u0131n\u0131 mesele yapan yeni nesil bir i\u00e7erik, haber sitesi.\" \/>\n<meta name=\"robots\" content=\"index, follow, max-snippet:-1, max-image-preview:large, max-video-preview:-1\" \/>\n<link rel=\"canonical\" href=\"https:\/\/teknomanyak.com\/tr\/hakkimizda\/\" \/>\n<meta property=\"og:locale\" content=\"tr_TR\" \/>\n<meta property=\"og:type\" content=\"article\" \/>\n<meta property=\"og:title\" content=\"Teknomanyak Hakk\u0131nda\" \/>\n<meta property=\"og:description\" content=\"Teknomanyak, Cemal Alp Solak taraf\u0131ndan y\u00f6netilen, erkeklerin d\u00fcnyas\u0131n\u0131 mesele yapan yeni nesil bir i\u00e7erik, haber sitesi.\" \/>\n<meta property=\"og:url\" content=\"https:\/\/teknomanyak.com\/tr\/hakkimizda\/\" \/>\n<meta property=\"og:site_name\" content=\"TeknomanyaK\" \/>\n<meta property=\"article:publisher\" content=\"https:\/\/www.facebook.com\/teknomanyakcom\" \/>\n<meta property=\"article:modified_time\" content=\"2022-05-25T21:23:37+00:00\" \/>\n<meta property=\"og:image\" content=\"https:\/\/teknomanyak.com\/wp-content\/uploads\/2023\/03\/teknomanyak-logo-520.png\" \/>\n\t<meta property=\"og:image:width\" content=\"520\" \/>\n\t<meta property=\"og:image:height\" content=\"180\" \/>\n\t<meta property=\"og:image:type\" content=\"image\/png\" \/>\n<meta name=\"twitter:card\" content=\"summary_large_image\" \/>\n<meta name=\"twitter:title\" content=\"Teknomanyak Hakk\u0131nda\" \/>\n<meta name=\"twitter:description\" content=\"Teknomanyak, Cemal Alp Solak taraf\u0131ndan y\u00f6netilen, erkeklerin d\u00fcnyas\u0131n\u0131 mesele yapan yeni nesil bir i\u00e7erik, haber sitesi.\" \/>\n<meta name=\"twitter:site\" content=\"@teknomanyak_com\" \/>\n<!-- \/ Yoast SEO plugin. -->","yoast_head_json":{"title":"Hakk\u0131m\u0131zda - TeknomanyaK","description":"Teknomanyak, Cemal Alp Solak taraf\u0131ndan y\u00f6netilen, erkeklerin d\u00fcnyas\u0131n\u0131 mesele yapan yeni nesil bir i\u00e7erik, haber sitesi.","robots":{"index":"index","follow":"follow","max-snippet":"max-snippet:-1","max-image-preview":"max-image-preview:large","max-video-preview":"max-video-preview:-1"},"canonical":"https:\/\/teknomanyak.com\/tr\/hakkimizda\/","og_locale":"tr_TR","og_type":"article","og_title":"Teknomanyak Hakk\u0131nda","og_description":"Teknomanyak, Cemal Alp Solak taraf\u0131ndan y\u00f6netilen, erkeklerin d\u00fcnyas\u0131n\u0131 mesele yapan yeni nesil bir i\u00e7erik, haber sitesi.","og_url":"https:\/\/teknomanyak.com\/tr\/hakkimizda\/","og_site_name":"TeknomanyaK","article_publisher":"https:\/\/www.facebook.com\/teknomanyakcom","article_modified_time":"2022-05-25T21:23:37+00:00","og_image":[{"width":520,"height":180,"url":"https:\/\/teknomanyak.com\/wp-content\/uploads\/2023\/03\/teknomanyak-logo-520.png","type":"image\/png"}],"twitter_card":"summary_large_image","twitter_title":"Teknomanyak Hakk\u0131nda","twitter_description":"Teknomanyak, Cemal Alp Solak taraf\u0131ndan y\u00f6netilen, erkeklerin d\u00fcnyas\u0131n\u0131 mesele yapan yeni nesil bir i\u00e7erik, haber sitesi.","twitter_site":"@teknomanyak_com","schema":{"@context":"https:\/\/schema.org","@graph":[{"@type":"WebPage","@id":"https:\/\/teknomanyak.com\/tr\/hakkimizda\/","url":"https:\/\/teknomanyak.com\/tr\/hakkimizda\/","name":"Hakk\u0131m\u0131zda - TeknomanyaK","isPartOf":{"@id":"https:\/\/teknomanyak.com\/tr\/#website"},"datePublished":"2011-03-08T07:54:22+00:00","dateModified":"2022-05-25T21:23:37+00:00","description":"Teknomanyak, Cemal Alp Solak taraf\u0131ndan y\u00f6netilen, erkeklerin d\u00fcnyas\u0131n\u0131 mesele yapan yeni nesil bir i\u00e7erik, haber sitesi.","breadcrumb":{"@id":"https:\/\/teknomanyak.com\/tr\/hakkimizda\/#breadcrumb"},"inLanguage":"tr","potentialAction":[{"@type":"ReadAction","target":["https:\/\/teknomanyak.com\/tr\/hakkimizda\/"]}]},{"@type":"BreadcrumbList","@id":"https:\/\/teknomanyak.com\/tr\/hakkimizda\/#breadcrumb","itemListElement":[{"@type":"ListItem","position":1,"name":"Anasayfa","item":"https:\/\/teknomanyak.com\/tr\/"},{"@type":"ListItem","position":2,"name":"Hakk\u0131m\u0131zda"}]},{"@type":"WebSite","@id":"https:\/\/teknomanyak.com\/tr\/#website","url":"https:\/\/teknomanyak.com\/tr\/","name":"TeknomanyaK","description":"","publisher":{"@id":"https:\/\/teknomanyak.com\/tr\/#organization"},"potentialAction":[{"@type":"SearchAction","target":{"@type":"EntryPoint","urlTemplate":"https:\/\/teknomanyak.com\/tr\/?s={search_term_string}"},"query-input":{"@type":"PropertyValueSpecification","valueRequired":true,"valueName":"search_term_string"}}],"inLanguage":"tr"},{"@type":"Organization","@id":"https:\/\/teknomanyak.com\/tr\/#organization","name":"TeknomanyaK","url":"https:\/\/teknomanyak.com\/tr\/","logo":{"@type":"ImageObject","inLanguage":"tr","@id":"https:\/\/teknomanyak.com\/tr\/#\/schema\/logo\/image\/","url":"https:\/\/teknomanyak.com\/wp-content\/uploads\/2023\/03\/teknomanyak-logo-520.png","contentUrl":"https:\/\/teknomanyak.com\/wp-content\/uploads\/2023\/03\/teknomanyak-logo-520.png","width":520,"height":180,"caption":"TeknomanyaK"},"image":{"@id":"https:\/\/teknomanyak.com\/tr\/#\/schema\/logo\/image\/"},"sameAs":["https:\/\/www.facebook.com\/teknomanyakcom","https:\/\/x.com\/teknomanyak_com","https:\/\/tr.pinterest.com\/teknomanyakcom\/","https:\/\/www.youtube.com\/channel\/UCiC1MNayczSL-PiHrZsV_mg","https:\/\/www.instagram.com\/teknomanyakcom"]}]}},"_links":{"self":[{"href":"https:\/\/teknomanyak.com\/tr\/wp-json\/wp\/v2\/pages\/2","targetHints":{"allow":["GET"]}}],"collection":[{"href":"https:\/\/teknomanyak.com\/tr\/wp-json\/wp\/v2\/pages"}],"about":[{"href":"https:\/\/teknomanyak.com\/tr\/wp-json\/wp\/v2\/types\/page"}],"author":[{"embeddable":true,"href":"https:\/\/teknomanyak.com\/tr\/wp-json\/wp\/v2\/users\/1"}],"replies":[{"embeddable":true,"href":"https:\/\/teknomanyak.com\/tr\/wp-json\/wp\/v2\/comments?post=2"}],"version-history":[{"count":0,"href":"https:\/\/teknomanyak.com\/tr\/wp-json\/wp\/v2\/pages\/2\/revisions"}],"wp:attachment":[{"href":"https:\/\/teknomanyak.com\/tr\/wp-json\/wp\/v2\/media?parent=2"}],"curies":[{"name":"wp","href":"https:\/\/api.w.org\/{rel}","templated":true}]}}